{"id":11,"date":"2025-09-03T09:55:09","date_gmt":"2025-09-03T09:55:09","guid":{"rendered":"https:\/\/jeronimoprod.com\/?page_id=11"},"modified":"2026-01-03T12:41:13","modified_gmt":"2026-01-03T12:41:13","slug":"accueil","status":"publish","type":"page","link":"https:\/\/jeronimoprod.com\/","title":{"rendered":"Accueil"},"content":{"rendered":"\n<div class=\"wp-block-cover alignfull\" style=\"margin-top:0;margin-bottom:0;padding-top:3%;padding-right:0;padding-bottom:10rem;padding-left:0;min-height:687px;aspect-ratio:unset;\"><img loading=\"lazy\" decoding=\"async\" width=\"1024\" height=\"679\" class=\"wp-block-cover__image-background wp-image-99 size-large\" alt=\"\" src=\"https:\/\/jeronimoprod.com\/wp-content\/uploads\/2025\/09\/IMG_0520-2-2-1024x679.jpg\" style=\"object-position:50% 65%\" data-object-fit=\"cover\" data-object-position=\"50% 65%\" srcset=\"https:\/\/jeronimoprod.com\/wp-content\/uploads\/2025\/09\/IMG_0520-2-2-1024x679.jpg 1024w, https:\/\/jeronimoprod.com\/wp-content\/uploads\/2025\/09\/IMG_0520-2-2-300x199.jpg 300w, https:\/\/jeronimoprod.com\/wp-content\/uploads\/2025\/09\/IMG_0520-2-2-768x509.jpg 768w, https:\/\/jeronimoprod.com\/wp-content\/uploads\/2025\/09\/IMG_0520-2-2-1536x1018.jpg 1536w, https:\/\/jeronimoprod.com\/wp-content\/uploads\/2025\/09\/IMG_0520-2-2-2048x1358.jpg 2048w\" sizes=\"auto, (max-width: 1024px) 100vw, 1024px\" \/><span aria-hidden=\"true\" class=\"wp-block-cover__background has-black-background-color has-background-dim-30 has-background-dim\"><\/span><div class=\"wp-block-cover__inner-container has-global-padding is-layout-constrained wp-container-core-cover-is-layout-6f8fa14b wp-block-cover-is-layout-constrained\">\n<div class=\"wp-block-group alignwide is-vertical is-content-justification-left is-layout-flex wp-container-core-group-is-layout-b21d21b4 wp-block-group-is-layout-flex\" style=\"min-height:419px\">\n<div class=\"wp-block-group has-global-padding is-layout-constrained wp-container-core-group-is-layout-92ef7b19 wp-block-group-is-layout-constrained\">\n<h2 class=\"wp-block-heading has-text-align-left has-text-color\" style=\"border-radius:0px;color:#ffffff;margin-bottom:1rem;font-size:clamp(1.743rem, 1.743rem + ((1vw - 0.2rem) * 2.285), 3rem);font-style:normal;font-weight:500;line-height:1.2\"><strong>Production audiovisuelle<\/strong><\/h2>\n\n\n\n<h2 class=\"wp-block-heading has-text-align-left has-text-color\" style=\"border-radius:0px;color:#ffffff;margin-top:0;margin-bottom:1.4rem;font-size:clamp(1.146rem, 1.146rem + ((1vw - 0.2rem) * 1.189), 1.8rem);font-style:normal;font-weight:500;line-height:1.2\"><strong><em>Comprendre vos histoires pour mieux les partager<\/em><\/strong><\/h2>\n\n\n\n<div class=\"wp-block-group is-vertical is-content-justification-stretch is-layout-flex wp-container-core-group-is-layout-53ad70e0 wp-block-group-is-layout-flex\" style=\"margin-top:1.61rem;padding-right:0px;padding-left:0px\">\n<div class=\"wp-block-group has-global-padding is-content-justification-left is-layout-constrained wp-container-core-group-is-layout-a938e025 wp-block-group-is-layout-constrained\" style=\"margin-top:0px\">\n<div class=\"wp-block-buttons is-horizontal is-content-justification-right is-layout-flex wp-container-core-buttons-is-layout-099266fd wp-block-buttons-is-layout-flex\" style=\"margin-top:0.51rem\">\n<div class=\"wp-block-button has-custom-width wp-block-button__width-100 is-style-fill\"><a class=\"wp-block-button__link has-text-color has-background has-custom-font-size wp-element-button\" href=\"mailto:contact@jeronimoprod.com\" style=\"border-style:none;border-width:0px;border-radius:0rem;color:#fffffd;background-color:#a1120a;padding-top:0.71rem;padding-right:0.31rem;padding-bottom:0.71rem;padding-left:0.31rem;font-size:clamp(0.875rem, 0.875rem + ((1vw - 0.2rem) * 0.245), 1.01rem);font-style:normal;font-weight:600;line-height:1.5;text-transform:capitalize\">DEVIS GRATUIT<\/a><\/div>\n<\/div>\n<\/div>\n<\/div>\n<\/div>\n<\/div>\n<\/div><\/div>\n\n\n\n<section class=\"wp-block-group alignfull has-background has-global-padding is-layout-constrained wp-container-core-group-is-layout-bbc9fea8 wp-block-group-is-layout-constrained\" style=\"background:radial-gradient(rgb(255,158,89) 7%,rgb(161,18,10) 82%,rgb(161,18,10) 94%);margin-top:0px;padding-top:6rem;padding-right:var(--wp--preset--spacing--40);padding-bottom:4.5rem;padding-left:var(--wp--preset--spacing--40);font-size:clamp(0.875rem, 0.875rem + ((1vw - 0.2rem) * 0.464), 1.13rem);font-style:normal;font-weight:400;line-height:1.4\">\n<div class=\"wp-block-columns is-layout-flex wp-container-core-columns-is-layout-2e7296b4 wp-block-columns-is-layout-flex\" style=\"margin-bottom:0px\">\n<div class=\"wp-block-column is-vertically-aligned-center is-layout-flow wp-block-column-is-layout-flow\" style=\"padding-right:1rem;padding-left:1rem;flex-basis:35%\">\n<figure class=\"wp-block-image aligncenter size-full is-resized has-custom-border is-style-default\"><img loading=\"lazy\" decoding=\"async\" width=\"1698\" height=\"2560\" src=\"https:\/\/jeronimoprod.com\/wp-content\/uploads\/2025\/09\/IMG_4251-scaled.jpg\" alt=\"\" class=\"wp-image-69\" style=\"border-radius:37px;width:301px;height:auto\" srcset=\"https:\/\/jeronimoprod.com\/wp-content\/uploads\/2025\/09\/IMG_4251-scaled.jpg 1698w, https:\/\/jeronimoprod.com\/wp-content\/uploads\/2025\/09\/IMG_4251-199x300.jpg 199w, https:\/\/jeronimoprod.com\/wp-content\/uploads\/2025\/09\/IMG_4251-679x1024.jpg 679w, https:\/\/jeronimoprod.com\/wp-content\/uploads\/2025\/09\/IMG_4251-768x1158.jpg 768w, https:\/\/jeronimoprod.com\/wp-content\/uploads\/2025\/09\/IMG_4251-1019x1536.jpg 1019w, https:\/\/jeronimoprod.com\/wp-content\/uploads\/2025\/09\/IMG_4251-1358x2048.jpg 1358w\" sizes=\"auto, (max-width: 1698px) 100vw, 1698px\" \/><\/figure>\n<\/div>\n\n\n\n<div class=\"wp-block-column has-global-padding is-layout-constrained wp-container-core-column-is-layout-b4ec969c wp-block-column-is-layout-constrained\" style=\"padding-top:2.01rem\">\n<div class=\"wp-block-group has-global-padding is-layout-constrained wp-container-core-group-is-layout-dca71664 wp-block-group-is-layout-constrained\" style=\"min-height:100%\">\n<h3 class=\"wp-block-heading has-text-align-center has-text-color\" style=\"color:#010101;margin-top:0.5rem;margin-bottom:2.3rem;font-size:clamp(1.403rem, 1.403rem + ((1vw - 0.2rem) * 1.631), 2.3rem);font-style:normal;font-weight:500;letter-spacing:0px;line-height:1.3\">Un storytelling visuel pour les entreprises et les particuliers<\/h3>\n\n\n\n<p class=\"has-text-align-left has-text-color\" style=\"color:#010101;margin-top:0rem;font-size:clamp(0.875rem, 0.875rem + ((1vw - 0.2rem) * 0.591), 1.2rem);font-style:normal;font-weight:400;line-height:1.5\">Cr\u00e9ez des images vraies et sensibles, o\u00f9 l\u2019humain est toujours au centre. Qu\u2019il s\u2019agisse d\u2019une vid\u00e9o corporate, d\u2019un documentaire ou d\u2019un film de mariage, Jeronimo Prod filme comme un t\u00e9moin attentif. Notre mission : capter l\u2019instant, r\u00e9v\u00e9ler l\u2019\u00e9motion, raconter une histoire. Une approche journalistique et artistique : cadrage pr\u00e9cis, regard sinc\u00e8re et sens du r\u00e9cit.<\/p>\n\n\n\n<div class=\"wp-block-group is-vertical is-content-justification-stretch is-layout-flex wp-container-core-group-is-layout-53ad70e0 wp-block-group-is-layout-flex\" style=\"margin-top:1.61rem;padding-right:0px;padding-left:0px\">\n<div class=\"wp-block-group has-global-padding is-content-justification-center is-layout-constrained wp-container-core-group-is-layout-2f0bcb29 wp-block-group-is-layout-constrained\" style=\"margin-top:0px\">\n<div class=\"wp-block-buttons is-horizontal is-content-justification-right is-layout-flex wp-container-core-buttons-is-layout-099266fd wp-block-buttons-is-layout-flex\" style=\"margin-top:0.51rem\">\n<div class=\"wp-block-button has-custom-width wp-block-button__width-100 is-style-fill\"><a class=\"wp-block-button__link has-text-color has-background has-custom-font-size wp-element-button\" href=\"https:\/\/jeronimoprod.com\/?page_id=16\" style=\"border-style:none;border-width:0px;border-radius:0rem;color:#fffffd;background-color:#a1120a;padding-top:0.71rem;padding-right:0.31rem;padding-bottom:0.71rem;padding-left:0.31rem;font-size:clamp(0.875rem, 0.875rem + ((1vw - 0.2rem) * 0.245), 1.01rem);font-style:normal;font-weight:600;line-height:1.5;text-transform:uppercase\">NOS services<\/a><\/div>\n<\/div>\n<\/div>\n<\/div>\n<\/div>\n<\/div>\n<\/div>\n<\/section>\n\n\n\n<div class=\"wp-block-cover alignfull is-light\" style=\"margin-top:0;margin-bottom:0;padding-top:0rem;padding-right:0px;padding-bottom:0rem;padding-left:0px;min-height:422px;aspect-ratio:unset;\"><span aria-hidden=\"true\" class=\"wp-block-cover__background has-background-dim-100 has-background-dim\" style=\"background-color:#fff3ea\"><\/span><div class=\"wp-block-cover__inner-container is-layout-flow wp-container-core-cover-is-layout-3ef29816 wp-block-cover-is-layout-flow\">\n<div class=\"wp-block-group alignfull has-background is-layout-flow wp-container-core-group-is-layout-da3795e9 wp-block-group-is-layout-flow\" style=\"background:radial-gradient(rgb(255,158,89) 1%,rgb(161,18,10) 92%,rgb(161,18,10) 98%);margin-top:0px;margin-bottom:0px;padding-top:0rem;padding-right:0px;padding-bottom:0rem;padding-left:0px\">\n<div class=\"wp-block-columns alignfull is-layout-flex wp-container-core-columns-is-layout-35290b6f wp-block-columns-is-layout-flex\" style=\"padding-top:0rem\">\n<div class=\"wp-block-column is-layout-flow wp-block-column-is-layout-flow\" style=\"padding-top:1rem;padding-right:0rem;padding-bottom:1rem;padding-left:0rem\">\n<div class=\"wp-block-cover\" style=\"padding-right:0.51rem;padding-left:0.51rem;min-height:390px;aspect-ratio:unset;\"><img loading=\"lazy\" decoding=\"async\" width=\"1024\" height=\"576\" class=\"wp-block-cover__image-background wp-image-401 size-large\" alt=\"\" src=\"https:\/\/jeronimoprod.com\/wp-content\/uploads\/2026\/01\/Image-2025-12-21-153649_1.32.1-1024x576.jpg\" data-object-fit=\"cover\" srcset=\"https:\/\/jeronimoprod.com\/wp-content\/uploads\/2026\/01\/Image-2025-12-21-153649_1.32.1-1024x576.jpg 1024w, https:\/\/jeronimoprod.com\/wp-content\/uploads\/2026\/01\/Image-2025-12-21-153649_1.32.1-300x169.jpg 300w, https:\/\/jeronimoprod.com\/wp-content\/uploads\/2026\/01\/Image-2025-12-21-153649_1.32.1-768x432.jpg 768w, https:\/\/jeronimoprod.com\/wp-content\/uploads\/2026\/01\/Image-2025-12-21-153649_1.32.1-1536x864.jpg 1536w, https:\/\/jeronimoprod.com\/wp-content\/uploads\/2026\/01\/Image-2025-12-21-153649_1.32.1-2048x1152.jpg 2048w\" sizes=\"auto, (max-width: 1024px) 100vw, 1024px\" \/><span aria-hidden=\"true\" class=\"wp-block-cover__background has-black-background-color has-background-dim-10 has-background-dim\"><\/span><div class=\"wp-block-cover__inner-container has-global-padding is-layout-constrained wp-container-core-cover-is-layout-1a3bd245 wp-block-cover-is-layout-constrained\">\n<h3 class=\"wp-block-heading has-text-align-center has-text-color has-young-serif-regular-font-family\" style=\"border-width:3px;color:#ffffff;font-size:clamp(1.146rem, 1.146rem + ((1vw - 0.2rem) * 1.189), 1.8rem);\">Documentaire<\/h3>\n<\/div><\/div>\n<\/div>\n\n\n\n<div class=\"wp-block-column is-layout-flow wp-block-column-is-layout-flow\" style=\"padding-top:1rem;padding-right:0rem;padding-bottom:1rem;padding-left:0rem\">\n<div class=\"wp-block-cover\" style=\"padding-right:0.51rem;padding-left:0.51rem;min-height:390px;aspect-ratio:unset;\"><img loading=\"lazy\" decoding=\"async\" width=\"1024\" height=\"871\" class=\"wp-block-cover__image-background wp-image-397 size-large\" alt=\"\" src=\"https:\/\/jeronimoprod.com\/wp-content\/uploads\/2026\/01\/Nathalie-1-1-1024x871.jpg\" data-object-fit=\"cover\" srcset=\"https:\/\/jeronimoprod.com\/wp-content\/uploads\/2026\/01\/Nathalie-1-1-1024x871.jpg 1024w, https:\/\/jeronimoprod.com\/wp-content\/uploads\/2026\/01\/Nathalie-1-1-300x255.jpg 300w, https:\/\/jeronimoprod.com\/wp-content\/uploads\/2026\/01\/Nathalie-1-1-768x653.jpg 768w, https:\/\/jeronimoprod.com\/wp-content\/uploads\/2026\/01\/Nathalie-1-1-1536x1306.jpg 1536w, https:\/\/jeronimoprod.com\/wp-content\/uploads\/2026\/01\/Nathalie-1-1-2048x1742.jpg 2048w\" sizes=\"auto, (max-width: 1024px) 100vw, 1024px\" \/><span aria-hidden=\"true\" class=\"wp-block-cover__background has-black-background-color has-background-dim-10 has-background-dim\"><\/span><div class=\"wp-block-cover__inner-container has-global-padding is-layout-constrained wp-container-core-cover-is-layout-1a3bd245 wp-block-cover-is-layout-constrained\">\n<h3 class=\"wp-block-heading has-text-align-center has-text-color has-young-serif-regular-font-family\" style=\"border-width:3px;color:#ffffff;font-size:clamp(1.146rem, 1.146rem + ((1vw - 0.2rem) * 1.189), 1.8rem);\">Corporate<\/h3>\n<\/div><\/div>\n<\/div>\n\n\n\n<div class=\"wp-block-column is-vertically-aligned-top is-layout-flow wp-block-column-is-layout-flow\" style=\"padding-top:1rem;padding-right:0rem;padding-bottom:1rem;padding-left:0rem\">\n<div class=\"wp-block-columns is-layout-flex wp-container-core-columns-is-layout-28f84493 wp-block-columns-is-layout-flex\">\n<div class=\"wp-block-column is-layout-flow wp-block-column-is-layout-flow\" style=\"flex-basis:100%\">\n<div class=\"wp-block-cover\" style=\"padding-right:0.51rem;padding-left:0.51rem;min-height:390px;aspect-ratio:unset;\"><img loading=\"lazy\" decoding=\"async\" width=\"819\" height=\"1024\" class=\"wp-block-cover__image-background wp-image-71 size-large\" alt=\"\" src=\"https:\/\/jeronimoprod.com\/wp-content\/uploads\/2025\/09\/IMG_7731-1-819x1024.jpg\" data-object-fit=\"cover\" srcset=\"https:\/\/jeronimoprod.com\/wp-content\/uploads\/2025\/09\/IMG_7731-1-819x1024.jpg 819w, https:\/\/jeronimoprod.com\/wp-content\/uploads\/2025\/09\/IMG_7731-1-240x300.jpg 240w, https:\/\/jeronimoprod.com\/wp-content\/uploads\/2025\/09\/IMG_7731-1-768x960.jpg 768w, https:\/\/jeronimoprod.com\/wp-content\/uploads\/2025\/09\/IMG_7731-1.jpg 1170w\" sizes=\"auto, (max-width: 819px) 100vw, 819px\" \/><span aria-hidden=\"true\" class=\"wp-block-cover__background has-black-background-color has-background-dim-10 has-background-dim\"><\/span><div class=\"wp-block-cover__inner-container has-global-padding is-layout-constrained wp-container-core-cover-is-layout-1a3bd245 wp-block-cover-is-layout-constrained\">\n<h3 class=\"wp-block-heading has-text-align-center has-text-color has-young-serif-regular-font-family\" style=\"border-width:3px;color:#fffffd;margin-top:0;margin-right:0;margin-bottom:0;margin-left:0;padding-top:0;padding-right:0;padding-bottom:0;padding-left:0;font-size:clamp(1.039rem, 1.039rem + ((1vw - 0.2rem) * 1.02), 1.6rem);\">Prise de vue a\u00e9rienne<\/h3>\n<\/div><\/div>\n<\/div>\n<\/div>\n<\/div>\n\n\n\n<div class=\"wp-block-column is-layout-flow wp-block-column-is-layout-flow\" style=\"padding-top:1rem;padding-right:0rem;padding-bottom:1rem;padding-left:0rem\">\n<div class=\"wp-block-cover\" style=\"padding-right:0.51rem;padding-left:0.51rem;min-height:390px;aspect-ratio:unset;\"><img loading=\"lazy\" decoding=\"async\" width=\"1024\" height=\"576\" class=\"wp-block-cover__image-background wp-image-33 size-large\" alt=\"\" src=\"https:\/\/jeronimoprod.com\/wp-content\/uploads\/2025\/09\/Nuit-chateau-1024x576.jpg\" data-object-fit=\"cover\" srcset=\"https:\/\/jeronimoprod.com\/wp-content\/uploads\/2025\/09\/Nuit-chateau-1024x576.jpg 1024w, https:\/\/jeronimoprod.com\/wp-content\/uploads\/2025\/09\/Nuit-chateau-300x169.jpg 300w, https:\/\/jeronimoprod.com\/wp-content\/uploads\/2025\/09\/Nuit-chateau-768x432.jpg 768w, https:\/\/jeronimoprod.com\/wp-content\/uploads\/2025\/09\/Nuit-chateau-1536x864.jpg 1536w, https:\/\/jeronimoprod.com\/wp-content\/uploads\/2025\/09\/Nuit-chateau-2048x1152.jpg 2048w\" sizes=\"auto, (max-width: 1024px) 100vw, 1024px\" \/><span aria-hidden=\"true\" class=\"wp-block-cover__background has-background-dim-10 has-background-dim\" style=\"background-color:#030800\"><\/span><div class=\"wp-block-cover__inner-container has-global-padding is-layout-constrained wp-container-core-cover-is-layout-1a3bd245 wp-block-cover-is-layout-constrained\">\n<h3 class=\"wp-block-heading has-text-align-center has-text-color has-young-serif-regular-font-family\" style=\"border-width:3px;color:#fffffd;font-size:clamp(1.146rem, 1.146rem + ((1vw - 0.2rem) * 1.189), 1.8rem);\">Film de mariage<\/h3>\n<\/div><\/div>\n<\/div>\n<\/div>\n<\/div>\n<\/div><\/div>\n\n\n\n<div class=\"wp-block-cover alignfull\" style=\"margin-top:0;margin-bottom:0\"><img loading=\"lazy\" decoding=\"async\" width=\"1024\" height=\"679\" class=\"wp-block-cover__image-background wp-image-92 size-large\" alt=\"\" src=\"https:\/\/jeronimoprod.com\/wp-content\/uploads\/2025\/09\/000096910036-1024x679.jpg\" data-object-fit=\"cover\" srcset=\"https:\/\/jeronimoprod.com\/wp-content\/uploads\/2025\/09\/000096910036-1024x679.jpg 1024w, https:\/\/jeronimoprod.com\/wp-content\/uploads\/2025\/09\/000096910036-300x199.jpg 300w, https:\/\/jeronimoprod.com\/wp-content\/uploads\/2025\/09\/000096910036-768x509.jpg 768w, https:\/\/jeronimoprod.com\/wp-content\/uploads\/2025\/09\/000096910036-1536x1018.jpg 1536w, https:\/\/jeronimoprod.com\/wp-content\/uploads\/2025\/09\/000096910036-2048x1358.jpg 2048w\" sizes=\"auto, (max-width: 1024px) 100vw, 1024px\" \/><span aria-hidden=\"true\" class=\"wp-block-cover__background has-black-background-color has-background-dim-20 has-background-dim\"><\/span><div class=\"wp-block-cover__inner-container has-global-padding is-layout-constrained wp-block-cover-is-layout-constrained\">\n<section class=\"wp-block-group alignfull has-global-padding is-layout-constrained wp-container-core-group-is-layout-cfb15881 wp-block-group-is-layout-constrained\" style=\"margin-top:0px;padding-top:4.01rem;padding-right:1rem;padding-bottom:5.01rem;padding-left:1rem;font-size:clamp(0.875rem, 0.875rem + ((1vw - 0.2rem) * 0.464), 1.13rem);font-style:normal;font-weight:400;line-height:1.4\">\n<div class=\"wp-block-columns is-layout-flex wp-container-core-columns-is-layout-a86bf794 wp-block-columns-is-layout-flex\" style=\"margin-bottom:0px\">\n<div class=\"wp-block-column has-global-padding is-layout-constrained wp-container-core-column-is-layout-b4ec969c wp-block-column-is-layout-constrained\" style=\"padding-top:2.01rem\">\n<div class=\"wp-block-group has-global-padding is-layout-constrained wp-container-core-group-is-layout-dca71664 wp-block-group-is-layout-constrained\" style=\"min-height:100%\">\n<h3 class=\"wp-block-heading has-text-align-center has-text-color\" style=\"color:#fffffd;margin-top:0.5rem;margin-bottom:0rem;font-size:clamp(1.556rem, 1.556rem + ((1vw - 0.2rem) * 1.916), 2.61rem);font-style:normal;font-weight:500;letter-spacing:0px;line-height:1.3\"><strong>Du mat\u00e9riel professionnel adapt\u00e9 \u00e0 vos besoins<\/strong><\/h3>\n\n\n\n<p class=\"has-text-align-left has-text-color\" style=\"color:#fffffd;margin-top:0rem;font-size:clamp(0.875rem, 0.875rem + ((1vw - 0.2rem) * 0.591), 1.2rem);font-style:normal;font-weight:400;line-height:1.5\">Votre projet est unique et n\u00e9cessite du mat\u00e9riel et un storytelling sp\u00e9cifiques. Chaque film est pens\u00e9 sur mesure : de l\u2019\u00e9criture \u00e0 l\u2019image, de la lumi\u00e8re au son, tout est con\u00e7u pour r\u00e9v\u00e9ler ce qui fait la singularit\u00e9 de votre histoire. Configuration l\u00e9g\u00e8re ou installation compl\u00e8te dans vos locaux. Demandez un devis personnalis\u00e9.<\/p>\n\n\n\n<div class=\"wp-block-group is-vertical is-content-justification-stretch is-layout-flex wp-container-core-group-is-layout-53ad70e0 wp-block-group-is-layout-flex\" style=\"margin-top:1.61rem;padding-right:0px;padding-left:0px\">\n<div class=\"wp-block-group has-global-padding is-content-justification-center is-layout-constrained wp-container-core-group-is-layout-2f0bcb29 wp-block-group-is-layout-constrained\" style=\"margin-top:0px\">\n<div class=\"wp-block-buttons is-horizontal is-content-justification-right is-layout-flex wp-container-core-buttons-is-layout-099266fd wp-block-buttons-is-layout-flex\" style=\"margin-top:0.51rem\">\n<div class=\"wp-block-button has-custom-width wp-block-button__width-100 is-style-fill\"><a class=\"wp-block-button__link has-text-color has-background has-custom-font-size wp-element-button\" href=\"https:\/\/jeronimoprod.com\/?page_id=18\" style=\"border-style:none;border-width:0px;border-radius:0rem;color:#ffffff;background-color:#a1120a;padding-top:0.71rem;padding-right:0.31rem;padding-bottom:0.71rem;padding-left:0.31rem;font-size:clamp(0.875rem, 0.875rem + ((1vw - 0.2rem) * 0.245), 1.01rem);font-style:normal;font-weight:600;line-height:1.5;text-transform:uppercase\">contactez-NOUS<\/a><\/div>\n<\/div>\n<\/div>\n<\/div>\n<\/div>\n<\/div>\n<\/div>\n<\/section>\n<\/div><\/div>\n","protected":false},"excerpt":{"rendered":"<p>Un storytelling visuel pour les entreprises et les particuliers Cr\u00e9ez des images vraies et sensibles, o\u00f9 l\u2019humain est toujours au centre. Qu\u2019il s\u2019agisse d\u2019une vid\u00e9o corporate, d\u2019un documentaire ou d\u2019un film de mariage, Jeronimo Prod filme comme un t\u00e9moin attentif. Notre mission : capter l\u2019instant, r\u00e9v\u00e9ler l\u2019\u00e9motion, raconter une histoire. Une approche journalistique et artistique [&hellip;]<\/p>\n","protected":false},"author":1,"featured_media":0,"parent":0,"menu_order":0,"comment_status":"closed","ping_status":"closed","template":"","meta":{"footnotes":""},"class_list":["post-11","page","type-page","status-publish","hentry"],"_links":{"self":[{"href":"https:\/\/jeronimoprod.com\/index.php?rest_route=\/wp\/v2\/pages\/11","targetHints":{"allow":["GET"]}}],"collection":[{"href":"https:\/\/jeronimoprod.com\/index.php?rest_route=\/wp\/v2\/pages"}],"about":[{"href":"https:\/\/jeronimoprod.com\/index.php?rest_route=\/wp\/v2\/types\/page"}],"author":[{"embeddable":true,"href":"https:\/\/jeronimoprod.com\/index.php?rest_route=\/wp\/v2\/users\/1"}],"replies":[{"embeddable":true,"href":"https:\/\/jeronimoprod.com\/index.php?rest_route=%2Fwp%2Fv2%2Fcomments&post=11"}],"version-history":[{"count":64,"href":"https:\/\/jeronimoprod.com\/index.php?rest_route=\/wp\/v2\/pages\/11\/revisions"}],"predecessor-version":[{"id":402,"href":"https:\/\/jeronimoprod.com\/index.php?rest_route=\/wp\/v2\/pages\/11\/revisions\/402"}],"wp:attachment":[{"href":"https:\/\/jeronimoprod.com\/index.php?rest_route=%2Fwp%2Fv2%2Fmedia&parent=11"}],"curies":[{"name":"wp","href":"https:\/\/api.w.org\/{rel}","templated":true}]}}