{"id":14,"date":"2025-09-03T09:55:17","date_gmt":"2025-09-03T09:55:17","guid":{"rendered":"https:\/\/jeronimoprod.com\/?page_id=14"},"modified":"2025-09-29T16:06:25","modified_gmt":"2025-09-29T16:06:25","slug":"a-propos","status":"publish","type":"page","link":"https:\/\/jeronimoprod.com\/?page_id=14","title":{"rendered":"\u00c0 propos"},"content":{"rendered":"\n<div class=\"wp-block-cover alignfull is-light\" style=\"margin-top:0;margin-bottom:0;padding-top:0px;padding-bottom:80px;min-height:570px;aspect-ratio:unset;\"><img loading=\"lazy\" decoding=\"async\" width=\"1024\" height=\"1020\" class=\"wp-block-cover__image-background wp-image-55 size-large\" alt=\"\" src=\"https:\/\/jeronimoprod.com\/wp-content\/uploads\/2025\/09\/Pellicule-1-2-1024x1020.jpg\" style=\"object-position:50% 86%\" data-object-fit=\"cover\" data-object-position=\"50% 86%\" srcset=\"https:\/\/jeronimoprod.com\/wp-content\/uploads\/2025\/09\/Pellicule-1-2-1024x1020.jpg 1024w, https:\/\/jeronimoprod.com\/wp-content\/uploads\/2025\/09\/Pellicule-1-2-300x300.jpg 300w, https:\/\/jeronimoprod.com\/wp-content\/uploads\/2025\/09\/Pellicule-1-2-150x150.jpg 150w, https:\/\/jeronimoprod.com\/wp-content\/uploads\/2025\/09\/Pellicule-1-2-768x765.jpg 768w, https:\/\/jeronimoprod.com\/wp-content\/uploads\/2025\/09\/Pellicule-1-2-1536x1530.jpg 1536w, https:\/\/jeronimoprod.com\/wp-content\/uploads\/2025\/09\/Pellicule-1-2.jpg 1920w\" sizes=\"auto, (max-width: 1024px) 100vw, 1024px\" \/><span aria-hidden=\"true\" class=\"wp-block-cover__background has-black-background-color has-background-dim-20 has-background-dim\"><\/span><div class=\"wp-block-cover__inner-container has-global-padding is-layout-constrained wp-container-core-cover-is-layout-d4c6b484 wp-block-cover-is-layout-constrained\">\n<h1 class=\"wp-block-heading has-text-align-center has-text-color has-link-color has-suranna-font-family wp-elements-9c99ee0bb0bc62856481914bea2eb507\" style=\"color:#ffffff;font-size:clamp(38.682px, 2.418rem + ((1vw - 3.2px) * 3.786), 72px);font-style:normal;font-weight:500\"><br>Vision cr\u00e9ative<\/h1>\n\n\n\n<div style=\"height:150px\" aria-hidden=\"true\" class=\"wp-block-spacer\"><\/div>\n<\/div><\/div>\n\n\n\n<section class=\"wp-block-group alignfull has-background has-global-padding is-layout-constrained wp-container-core-group-is-layout-e9096356 wp-block-group-is-layout-constrained\" style=\"background:linear-gradient(288deg,rgb(255,158,89) 0%,rgb(161,18,10) 83%,rgb(161,18,10) 100%);margin-top:0px;padding-top:1.6rem;padding-right:var(--wp--preset--spacing--40);padding-bottom:1.7rem;padding-left:var(--wp--preset--spacing--40);font-size:0rem;font-style:normal;font-weight:400;line-height:1.4\">\n<div class=\"wp-block-columns is-layout-flex wp-container-core-columns-is-layout-03ad6a19 wp-block-columns-is-layout-flex\" style=\"margin-bottom:0px\">\n<div class=\"wp-block-column is-vertically-aligned-center is-layout-flow wp-block-column-is-layout-flow\" style=\"flex-basis:50%\">\n<figure class=\"wp-block-image alignleft size-full is-resized has-custom-border\"><img loading=\"lazy\" decoding=\"async\" width=\"1920\" height=\"1013\" src=\"https:\/\/jeronimoprod.com\/wp-content\/uploads\/2025\/09\/michal-franczak-PkDRmWEVpL4-unsplash.jpg\" alt=\"\" class=\"wp-image-39\" style=\"border-radius:47px;aspect-ratio:1;object-fit:cover;width:459px;height:auto\" srcset=\"https:\/\/jeronimoprod.com\/wp-content\/uploads\/2025\/09\/michal-franczak-PkDRmWEVpL4-unsplash.jpg 1920w, https:\/\/jeronimoprod.com\/wp-content\/uploads\/2025\/09\/michal-franczak-PkDRmWEVpL4-unsplash-300x158.jpg 300w, https:\/\/jeronimoprod.com\/wp-content\/uploads\/2025\/09\/michal-franczak-PkDRmWEVpL4-unsplash-1024x540.jpg 1024w, https:\/\/jeronimoprod.com\/wp-content\/uploads\/2025\/09\/michal-franczak-PkDRmWEVpL4-unsplash-768x405.jpg 768w, https:\/\/jeronimoprod.com\/wp-content\/uploads\/2025\/09\/michal-franczak-PkDRmWEVpL4-unsplash-1536x810.jpg 1536w\" sizes=\"auto, (max-width: 1920px) 100vw, 1920px\" \/><\/figure>\n<\/div>\n\n\n\n<div class=\"wp-block-column is-vertically-aligned-center has-global-padding is-layout-constrained wp-container-core-column-is-layout-c4a7d96a wp-block-column-is-layout-constrained\" style=\"flex-basis:50%\">\n<h3 class=\"wp-block-heading has-text-align-left has-text-color has-suranna-font-family\" style=\"color:#000000;margin-top:0.5rem;margin-bottom:0rem;font-size:clamp(24.034px, 1.502rem + ((1vw - 3.2px) * 1.814), 40px);font-style:normal;font-weight:500;letter-spacing:0px;line-height:1.3\">Qui sommes-nous ?<\/h3>\n\n\n\n<p class=\"has-text-align-left has-text-color has-pontano-sans-font-family\" style=\"color:#000000;margin-top:20px;margin-bottom:20px;font-size:clamp(14px, 0.875rem + ((1vw - 3.2px) * 0.455), 18px);font-style:normal;font-weight:400;line-height:1.5\">Fort d\u2019une <strong>exp\u00e9rience de journaliste<\/strong> pour les JT et magazines des cha\u00eenes de t\u00e9l\u00e9vision fran\u00e7aise, Jeronimo Prod transforme le savoir-faire journalistique en&nbsp;<strong>contenu audiovisuel impactant pour les entreprises<\/strong> <strong>et les particuliers<\/strong>. Chaque projet est pens\u00e9 comme un r\u00e9cit : les histoires humaines&nbsp;derri\u00e8re vos marques ou vos initiatives sont <strong>mises en valeur avec authenticit\u00e9 et sensibilit\u00e9<\/strong>.<\/p>\n\n\n\n<p class=\"has-text-align-left has-text-color has-pontano-sans-font-family\" style=\"color:#000000;margin-top:20px;margin-bottom:20px;font-size:clamp(14px, 0.875rem + ((1vw - 3.2px) * 0.455), 18px);font-style:normal;font-weight:400;line-height:1.5\">L\u2019expertise technique sur le&nbsp;<strong>terrain, la captation, le cadrage et le montage<\/strong>&nbsp;permettent de produire des vid\u00e9os pr\u00eates \u00e0 \u00eatre diffus\u00e9es, adapt\u00e9es \u00e0 vos besoins et \u00e0 vos audiences. Du portrait documentaire \u00e0 la vid\u00e9o corporate, le storytelling journalistique est appliqu\u00e9 pour<strong>&nbsp;<\/strong>faire rayonner vos messages, <strong>cr\u00e9er de l\u2019engagement et toucher directement votre public.<\/strong><\/p>\n<\/div>\n<\/div>\n<\/section>\n\n\n\n<div class=\"wp-block-cover alignfull\" style=\"margin-top:0;margin-bottom:0;padding-top:0px;padding-bottom:80px;min-height:570px;aspect-ratio:unset;\"><img loading=\"lazy\" decoding=\"async\" width=\"1024\" height=\"679\" class=\"wp-block-cover__image-background wp-image-328 size-large\" alt=\"\" src=\"https:\/\/jeronimoprod.com\/wp-content\/uploads\/2025\/09\/000068020034-2-3-1024x679.jpg\" data-object-fit=\"cover\" srcset=\"https:\/\/jeronimoprod.com\/wp-content\/uploads\/2025\/09\/000068020034-2-3-1024x679.jpg 1024w, https:\/\/jeronimoprod.com\/wp-content\/uploads\/2025\/09\/000068020034-2-3-300x199.jpg 300w, https:\/\/jeronimoprod.com\/wp-content\/uploads\/2025\/09\/000068020034-2-3-768x509.jpg 768w, https:\/\/jeronimoprod.com\/wp-content\/uploads\/2025\/09\/000068020034-2-3-1536x1018.jpg 1536w, https:\/\/jeronimoprod.com\/wp-content\/uploads\/2025\/09\/000068020034-2-3.jpg 1920w\" sizes=\"auto, (max-width: 1024px) 100vw, 1024px\" \/><span aria-hidden=\"true\" class=\"wp-block-cover__background has-black-background-color has-background-dim-20 has-background-dim\"><\/span><div class=\"wp-block-cover__inner-container has-global-padding is-layout-constrained wp-container-core-cover-is-layout-d4c6b484 wp-block-cover-is-layout-constrained\">\n<h3 class=\"wp-block-heading has-text-align-center has-text-color has-link-color has-suranna-font-family wp-elements-bbe7512657dec99dd998f37649421ac6\" style=\"color:#ffffff;font-size:clamp(38.682px, 2.418rem + ((1vw - 3.2px) * 3.786), 72px);font-style:normal;font-weight:500\"><br>Mat\u00e9riel et \u00e9quipement<\/h3>\n\n\n\n<div style=\"height:150px\" aria-hidden=\"true\" class=\"wp-block-spacer\"><\/div>\n<\/div><\/div>\n\n\n\n<section class=\"wp-block-group alignfull has-background has-global-padding is-layout-constrained wp-container-core-group-is-layout-e9096356 wp-block-group-is-layout-constrained\" style=\"background:linear-gradient(288deg,rgb(255,158,89) 15%,rgb(161,18,10) 87%,rgb(161,18,10) 100%);margin-top:0px;padding-top:1.6rem;padding-right:var(--wp--preset--spacing--40);padding-bottom:1.7rem;padding-left:var(--wp--preset--spacing--40);font-size:0rem;font-style:normal;font-weight:400;line-height:1.4\">\n<div class=\"wp-block-columns is-layout-flex wp-container-core-columns-is-layout-03ad6a19 wp-block-columns-is-layout-flex\" style=\"margin-bottom:0px\">\n<div class=\"wp-block-column is-vertically-aligned-center is-layout-flow wp-block-column-is-layout-flow\" style=\"flex-basis:50%\">\n<figure class=\"wp-block-image size-full is-resized has-custom-border\"><img loading=\"lazy\" decoding=\"async\" width=\"1600\" height=\"900\" src=\"https:\/\/jeronimoprod.com\/wp-content\/uploads\/2025\/09\/sonycine-how-to-record-raw-atomos-sony-FX3-Atomos.jpg-2-2.webp\" alt=\"\" class=\"wp-image-320\" style=\"border-radius:47px;aspect-ratio:1;object-fit:cover;width:432px;height:auto\" srcset=\"https:\/\/jeronimoprod.com\/wp-content\/uploads\/2025\/09\/sonycine-how-to-record-raw-atomos-sony-FX3-Atomos.jpg-2-2.webp 1600w, https:\/\/jeronimoprod.com\/wp-content\/uploads\/2025\/09\/sonycine-how-to-record-raw-atomos-sony-FX3-Atomos.jpg-2-2-300x169.webp 300w, https:\/\/jeronimoprod.com\/wp-content\/uploads\/2025\/09\/sonycine-how-to-record-raw-atomos-sony-FX3-Atomos.jpg-2-2-1024x576.webp 1024w, https:\/\/jeronimoprod.com\/wp-content\/uploads\/2025\/09\/sonycine-how-to-record-raw-atomos-sony-FX3-Atomos.jpg-2-2-768x432.webp 768w, https:\/\/jeronimoprod.com\/wp-content\/uploads\/2025\/09\/sonycine-how-to-record-raw-atomos-sony-FX3-Atomos.jpg-2-2-1536x864.webp 1536w\" sizes=\"auto, (max-width: 1600px) 100vw, 1600px\" \/><\/figure>\n<\/div>\n\n\n\n<div class=\"wp-block-column is-vertically-aligned-center has-global-padding is-layout-constrained wp-container-core-column-is-layout-c4a7d96a wp-block-column-is-layout-constrained\" style=\"flex-basis:50%\">\n<h3 class=\"wp-block-heading has-text-align-left has-text-color has-suranna-font-family\" style=\"color:#000000;margin-top:0.5rem;margin-bottom:0rem;font-size:clamp(24.034px, 1.502rem + ((1vw - 3.2px) * 1.814), 40px);font-style:normal;font-weight:500;letter-spacing:0px;line-height:1.3\"><strong>Adaptabilit\u00e9<\/strong><\/h3>\n\n\n\n<p class=\"has-text-align-left\"><\/p>\n\n\n\n<p class=\"has-text-align-left has-text-color has-pontano-sans-font-family\" style=\"color:#000000;margin-top:20px;margin-bottom:20px;font-size:13px;font-style:normal;font-weight:400;line-height:1.5\">Pour chaque projet, le choix du mat\u00e9riel est adapt\u00e9 afin d\u2019obtenir la&nbsp;meilleure qualit\u00e9 d\u2019image et de son, tout en respectant le format et l\u2019ambiance souhait\u00e9s.<\/p>\n\n\n\n<p class=\"has-text-align-left has-text-color has-pontano-sans-font-family\" style=\"color:#000000;margin-top:20px;margin-bottom:20px;font-size:clamp(14px, 0.875rem + ((1vw - 3.2px) * 0.455), 18px);font-style:normal;font-weight:400;line-height:1.5\"><strong>Cam\u00e9ra Sony FX3 Cineline<\/strong>\u00a0avec une gamme compl\u00e8te d\u2019objectifs : ultra grand angle, t\u00e9l\u00e9objectif et macro, pour capturer tous les d\u00e9tails et perspectives.<br><strong>Stabilisateur Ronin<\/strong>\u00a0derni\u00e8re g\u00e9n\u00e9ration pour des plans fluides et dynamiques, toujours en mouvement.<br><strong>Microphones Sennheiser broadcast<\/strong>\u00a0pour un son clair et pr\u00e9cis, adapt\u00e9 aux dialogues, interviews ou ambiances.<br><strong>Sets de lumi\u00e8res professionnelles<\/strong>\u00a0pour des interviews pos\u00e9es dans vos locaux.<br><strong>Prestation de drone<\/strong>\u00a0avec pilote certifi\u00e9, permettant des vues a\u00e9riennes spectaculaires et s\u00e9curis\u00e9es.<\/p>\n\n\n\n<p><\/p>\n<\/div>\n<\/div>\n<\/section>\n","protected":false},"excerpt":{"rendered":"<p>Qui sommes-nous ? Fort d\u2019une exp\u00e9rience de journaliste pour les JT et magazines des cha\u00eenes de t\u00e9l\u00e9vision fran\u00e7aise, Jeronimo Prod transforme le savoir-faire journalistique en&nbsp;contenu audiovisuel impactant pour les entreprises et les particuliers. Chaque projet est pens\u00e9 comme un r\u00e9cit : les histoires humaines&nbsp;derri\u00e8re vos marques ou vos initiatives sont mises en valeur avec authenticit\u00e9 [&hellip;]<\/p>\n","protected":false},"author":1,"featured_media":0,"parent":0,"menu_order":0,"comment_status":"closed","ping_status":"closed","template":"","meta":{"footnotes":""},"class_list":["post-14","page","type-page","status-publish","hentry"],"_links":{"self":[{"href":"https:\/\/jeronimoprod.com\/index.php?rest_route=\/wp\/v2\/pages\/14","targetHints":{"allow":["GET"]}}],"collection":[{"href":"https:\/\/jeronimoprod.com\/index.php?rest_route=\/wp\/v2\/pages"}],"about":[{"href":"https:\/\/jeronimoprod.com\/index.php?rest_route=\/wp\/v2\/types\/page"}],"author":[{"embeddable":true,"href":"https:\/\/jeronimoprod.com\/index.php?rest_route=\/wp\/v2\/users\/1"}],"replies":[{"embeddable":true,"href":"https:\/\/jeronimoprod.com\/index.php?rest_route=%2Fwp%2Fv2%2Fcomments&post=14"}],"version-history":[{"count":35,"href":"https:\/\/jeronimoprod.com\/index.php?rest_route=\/wp\/v2\/pages\/14\/revisions"}],"predecessor-version":[{"id":386,"href":"https:\/\/jeronimoprod.com\/index.php?rest_route=\/wp\/v2\/pages\/14\/revisions\/386"}],"wp:attachment":[{"href":"https:\/\/jeronimoprod.com\/index.php?rest_route=%2Fwp%2Fv2%2Fmedia&parent=14"}],"curies":[{"name":"wp","href":"https:\/\/api.w.org\/{rel}","templated":true}]}}