{"id":16,"date":"2025-09-03T09:55:24","date_gmt":"2025-09-03T09:55:24","guid":{"rendered":"https:\/\/jeronimoprod.com\/?page_id=16"},"modified":"2026-01-03T12:39:59","modified_gmt":"2026-01-03T12:39:59","slug":"services","status":"publish","type":"page","link":"https:\/\/jeronimoprod.com\/?page_id=16","title":{"rendered":"Services"},"content":{"rendered":"\n<div class=\"wp-block-cover alignfull\" style=\"margin-top:0;margin-bottom:0;padding-top:0px;padding-bottom:80px;min-height:643px;aspect-ratio:unset;\"><img loading=\"lazy\" decoding=\"async\" width=\"1024\" height=\"679\" class=\"wp-block-cover__image-background wp-image-102 size-large\" alt=\"\" src=\"https:\/\/jeronimoprod.com\/wp-content\/uploads\/2025\/09\/000068020035-2-2-1024x679.jpg\" style=\"object-position:48% 45%\" data-object-fit=\"cover\" data-object-position=\"48% 45%\" srcset=\"https:\/\/jeronimoprod.com\/wp-content\/uploads\/2025\/09\/000068020035-2-2-1024x679.jpg 1024w, https:\/\/jeronimoprod.com\/wp-content\/uploads\/2025\/09\/000068020035-2-2-300x199.jpg 300w, https:\/\/jeronimoprod.com\/wp-content\/uploads\/2025\/09\/000068020035-2-2-768x509.jpg 768w, https:\/\/jeronimoprod.com\/wp-content\/uploads\/2025\/09\/000068020035-2-2-1536x1018.jpg 1536w, https:\/\/jeronimoprod.com\/wp-content\/uploads\/2025\/09\/000068020035-2-2-2048x1358.jpg 2048w\" sizes=\"auto, (max-width: 1024px) 100vw, 1024px\" \/><span aria-hidden=\"true\" class=\"wp-block-cover__background has-background-dim-0 has-background-dim\" style=\"background-color:#e9ceb0\"><\/span><div class=\"wp-block-cover__inner-container has-global-padding is-layout-constrained wp-container-core-cover-is-layout-d4c6b484 wp-block-cover-is-layout-constrained\">\n<div style=\"height:150px\" aria-hidden=\"true\" class=\"wp-block-spacer\"><\/div>\n\n\n\n<h1 class=\"wp-block-heading has-text-align-center has-text-color has-link-color has-suranna-font-family wp-elements-8835a3af7eda6816a13b727c29966fe8\" style=\"color:#ffffff;font-size:clamp(38.682px, 2.418rem + ((1vw - 3.2px) * 3.786), 72px);font-style:normal;font-weight:500\"><br>Nos services<\/h1>\n<\/div><\/div>\n\n\n\n<section class=\"wp-block-group alignfull has-background has-global-padding is-layout-constrained wp-container-core-group-is-layout-fbadfe72 wp-block-group-is-layout-constrained\" style=\"background:radial-gradient(rgb(255,158,89) 7%,rgb(161,18,10) 82%,rgb(161,18,10) 94%);margin-top:0px;padding-top:2.8rem;padding-right:var(--wp--preset--spacing--40);padding-bottom:4.5rem;padding-left:var(--wp--preset--spacing--40);font-size:clamp(0.875rem, 0.875rem + ((1vw - 0.2rem) * 0.464), 1.13rem);font-style:normal;font-weight:400;line-height:1.4\">\n<div class=\"wp-block-columns is-layout-flex wp-container-core-columns-is-layout-2e7296b4 wp-block-columns-is-layout-flex\" style=\"margin-bottom:0px\">\n<div class=\"wp-block-column is-vertically-aligned-center is-layout-flow wp-block-column-is-layout-flow\" style=\"padding-right:1rem;padding-left:1rem;flex-basis:35%\">\n<figure class=\"wp-block-image aligncenter size-full is-resized has-custom-border is-style-default\"><img loading=\"lazy\" decoding=\"async\" width=\"1707\" height=\"2560\" src=\"https:\/\/jeronimoprod.com\/wp-content\/uploads\/2025\/09\/ryoji-iwata-sN3235md5BY-unsplash-scaled.jpg\" alt=\"\" class=\"wp-image-80\" style=\"border-radius:37px;width:355px;height:auto\" srcset=\"https:\/\/jeronimoprod.com\/wp-content\/uploads\/2025\/09\/ryoji-iwata-sN3235md5BY-unsplash-scaled.jpg 1707w, https:\/\/jeronimoprod.com\/wp-content\/uploads\/2025\/09\/ryoji-iwata-sN3235md5BY-unsplash-200x300.jpg 200w, https:\/\/jeronimoprod.com\/wp-content\/uploads\/2025\/09\/ryoji-iwata-sN3235md5BY-unsplash-683x1024.jpg 683w, https:\/\/jeronimoprod.com\/wp-content\/uploads\/2025\/09\/ryoji-iwata-sN3235md5BY-unsplash-768x1152.jpg 768w, https:\/\/jeronimoprod.com\/wp-content\/uploads\/2025\/09\/ryoji-iwata-sN3235md5BY-unsplash-1024x1536.jpg 1024w, https:\/\/jeronimoprod.com\/wp-content\/uploads\/2025\/09\/ryoji-iwata-sN3235md5BY-unsplash-1365x2048.jpg 1365w\" sizes=\"auto, (max-width: 1707px) 100vw, 1707px\" \/><\/figure>\n<\/div>\n\n\n\n<div class=\"wp-block-column has-global-padding is-layout-constrained wp-container-core-column-is-layout-b4ec969c wp-block-column-is-layout-constrained\" style=\"padding-top:2.01rem\">\n<div class=\"wp-block-group has-global-padding is-layout-constrained wp-container-core-group-is-layout-dca71664 wp-block-group-is-layout-constrained\" style=\"min-height:100%\">\n<h3 class=\"wp-block-heading has-text-align-center has-text-color\" style=\"color:#010101;margin-top:0.5rem;margin-bottom:2.3rem;font-size:clamp(1.551rem, 1.551rem + ((1vw - 0.2rem) * 1.907), 2.6rem);font-style:normal;font-weight:500;letter-spacing:0px;line-height:1.3\">Corporate et institutionnel<\/h3>\n\n\n\n<h5 class=\"wp-block-heading\" style=\"font-size:clamp(14px, 0.875rem + ((1vw - 3.2px) * 0.227), 16px);\">Utilisez les codes du reportage pour transmettre vos messages de fa\u00e7on claire et naturelle. <br><br><\/h5>\n\n\n\n<p class=\"has-text-align-left has-text-color\" style=\"color:#010101;margin-top:0rem;font-size:clamp(0.875rem, 0.875rem + ((1vw - 0.2rem) * 0.591), 1.2rem);font-style:normal;font-weight:400;line-height:1.5\"><em>Jeronimo Prod <\/em>cr\u00e9e des <strong>reportages audiovisuels sur mesure<\/strong> pour valoriser les entreprises, leurs \u00e9quipes et leur savoir-faire. \u00c0 travers le <strong>portrait de dirigeants<\/strong> et des interviews de collaborateurs, sublim\u00e9s par des <strong>beauty shots<\/strong> de vos locaux. Ajoutez une <strong>prestation drone<\/strong> pour de magnifiques images a\u00e9riennes, r\u00e9v\u00e9lant la grandeur de votre entreprise. <br>Chaque projet est pens\u00e9 pour <strong>captiver votre audience et renforcer durablement votre communication<\/strong>.<\/p>\n\n\n\n<div class=\"wp-block-group is-vertical is-content-justification-stretch is-layout-flex wp-container-core-group-is-layout-53ad70e0 wp-block-group-is-layout-flex\" style=\"margin-top:1.61rem;padding-right:0px;padding-left:0px\">\n<div class=\"wp-block-group has-global-padding is-content-justification-center is-layout-constrained wp-container-core-group-is-layout-2f0bcb29 wp-block-group-is-layout-constrained\" style=\"margin-top:0px\">\n<div class=\"wp-block-buttons is-horizontal is-content-justification-right is-layout-flex wp-container-core-buttons-is-layout-099266fd wp-block-buttons-is-layout-flex\" style=\"margin-top:0.51rem\">\n<div class=\"wp-block-button has-custom-width wp-block-button__width-100 is-style-fill\"><a class=\"wp-block-button__link has-text-color has-background has-custom-font-size wp-element-button\" href=\"https:\/\/www.instagram.com\/p\/DPABze-jBoL\/?__d=1%3Futm_source%3Dig_embed&amp;img_index=1\" style=\"border-style:none;border-width:0px;border-radius:0rem;color:#fffffd;background-color:#a1120a;padding-top:0.71rem;padding-right:0.31rem;padding-bottom:0.71rem;padding-left:0.31rem;font-size:clamp(0.875rem, 0.875rem + ((1vw - 0.2rem) * 0.245), 1.01rem);font-style:normal;font-weight:600;line-height:1.5;text-transform:uppercase\" target=\"_blank\" rel=\"noreferrer noopener\">EXEMPLES<\/a><\/div>\n<\/div>\n<\/div>\n<\/div>\n<\/div>\n<\/div>\n<\/div>\n<\/section>\n\n\n\n<section class=\"wp-block-group alignfull has-background has-global-padding is-layout-constrained wp-container-core-group-is-layout-fbadfe72 wp-block-group-is-layout-constrained\" style=\"background:radial-gradient(rgb(255,158,89) 7%,rgb(161,18,10) 82%,rgb(161,18,10) 94%);margin-top:0px;padding-top:2.8rem;padding-right:var(--wp--preset--spacing--40);padding-bottom:4.5rem;padding-left:var(--wp--preset--spacing--40);font-size:clamp(0.875rem, 0.875rem + ((1vw - 0.2rem) * 0.464), 1.13rem);font-style:normal;font-weight:400;line-height:1.4\">\n<div class=\"wp-block-columns is-layout-flex wp-container-core-columns-is-layout-2e7296b4 wp-block-columns-is-layout-flex\" style=\"margin-bottom:0px\">\n<div class=\"wp-block-column has-global-padding is-layout-constrained wp-container-core-column-is-layout-b4ec969c wp-block-column-is-layout-constrained\" style=\"padding-top:2.01rem\">\n<div class=\"wp-block-group has-global-padding is-layout-constrained wp-container-core-group-is-layout-dca71664 wp-block-group-is-layout-constrained\" style=\"min-height:100%\">\n<h3 class=\"wp-block-heading has-text-align-center has-text-color\" style=\"color:#010101;margin-top:0.5rem;margin-bottom:2.3rem;font-size:clamp(1.403rem, 1.403rem + ((1vw - 0.2rem) * 1.631), 2.3rem);font-style:normal;font-weight:500;letter-spacing:0px;line-height:1.3\">Vid\u00e9os engageantes pens\u00e9es pour les r\u00e9seaux sociaux<\/h3>\n\n\n\n<p class=\"has-text-align-left has-text-color\" style=\"color:#010101;margin-top:0rem;font-size:clamp(0.875rem, 0.875rem + ((1vw - 0.2rem) * 0.591), 1.2rem);font-style:normal;font-weight:400;line-height:1.5\">Des vid\u00e9os cl\u00e9s en main, respectant les&nbsp;<strong>codes propres \u00e0 chaque plateforme<\/strong>&nbsp;qui maximisent l\u2019engagement. Chaque projet int\u00e8gre un suivi des&nbsp;<strong>tendances et formats actuels<\/strong>, pour cr\u00e9er des contenus impactants, naturels et modernes.<\/p>\n\n\n\n<p class=\"has-text-align-left has-text-color\" style=\"color:#010101;margin-top:0rem;font-size:clamp(0.875rem, 0.875rem + ((1vw - 0.2rem) * 0.591), 1.2rem);font-style:normal;font-weight:400;line-height:1.5\">L\u2019approche <strong>privil\u00e9gie la spontan\u00e9it\u00e9<\/strong>, pour que la communication passe de mani\u00e8re fluide et non intrusive, <strong>sans donner l\u2019impression d\u2019une publicit\u00e9<\/strong> ou d\u2019un message institutionnel classique. Les tournages sont r\u00e9alis\u00e9s avec&nbsp;<strong>une configuration l\u00e9g\u00e8re<\/strong>, afin de rester souple, rapide et moins invasive pour les \u00e9quipes ou les clients, tout en garantissant une qualit\u00e9 professionnelle et dynamique.<\/p>\n\n\n\n<div class=\"wp-block-group is-vertical is-content-justification-stretch is-layout-flex wp-container-core-group-is-layout-53ad70e0 wp-block-group-is-layout-flex\" style=\"margin-top:1.61rem;padding-right:0px;padding-left:0px\">\n<div class=\"wp-block-group has-global-padding is-content-justification-center is-layout-constrained wp-container-core-group-is-layout-2f0bcb29 wp-block-group-is-layout-constrained\" style=\"margin-top:0px\">\n<div class=\"wp-block-buttons is-horizontal is-content-justification-right is-layout-flex wp-container-core-buttons-is-layout-099266fd wp-block-buttons-is-layout-flex\" style=\"margin-top:0.51rem\">\n<div class=\"wp-block-button has-custom-width wp-block-button__width-100 is-style-fill\"><a class=\"wp-block-button__link has-text-color has-background has-custom-font-size wp-element-button\" href=\"https:\/\/linktr.ee\/JeronimoProd\" style=\"border-style:none;border-width:0px;border-radius:0rem;color:#fffffd;background-color:#a1120a;padding-top:0.71rem;padding-right:0.31rem;padding-bottom:0.71rem;padding-left:0.31rem;font-size:clamp(0.875rem, 0.875rem + ((1vw - 0.2rem) * 0.245), 1.01rem);font-style:normal;font-weight:600;line-height:1.5;text-transform:uppercase\" target=\"_blank\" rel=\"noreferrer noopener\">Exemples<\/a><\/div>\n<\/div>\n<\/div>\n<\/div>\n<\/div>\n<\/div>\n\n\n\n<div class=\"wp-block-column is-vertically-aligned-center is-layout-flow wp-block-column-is-layout-flow\" style=\"padding-right:1rem;padding-left:1rem;flex-basis:35%\">\n<figure class=\"wp-block-image size-full is-resized has-custom-border is-style-default\"><img loading=\"lazy\" decoding=\"async\" width=\"571\" height=\"852\" src=\"https:\/\/jeronimoprod.com\/wp-content\/uploads\/2025\/09\/QuaiAlpha_stabilisateur_dji_osmo_mobile_6_2-2.jpg\" alt=\"\" class=\"wp-image-348\" style=\"border-radius:37px;width:322px;height:auto\" srcset=\"https:\/\/jeronimoprod.com\/wp-content\/uploads\/2025\/09\/QuaiAlpha_stabilisateur_dji_osmo_mobile_6_2-2.jpg 571w, https:\/\/jeronimoprod.com\/wp-content\/uploads\/2025\/09\/QuaiAlpha_stabilisateur_dji_osmo_mobile_6_2-2-201x300.jpg 201w\" sizes=\"auto, (max-width: 571px) 100vw, 571px\" \/><\/figure>\n<\/div>\n<\/div>\n<\/section>\n\n\n\n<section class=\"wp-block-group alignfull has-background has-global-padding is-layout-constrained wp-container-core-group-is-layout-4d8448da wp-block-group-is-layout-constrained\" style=\"background:radial-gradient(rgb(255,158,89) 7%,rgb(161,18,10) 82%,rgb(161,18,10) 94%);margin-top:0px;padding-top:2.8rem;padding-right:var(--wp--preset--spacing--40);padding-bottom:4.5rem;padding-left:var(--wp--preset--spacing--40);font-size:clamp(0.875rem, 0.875rem + ((1vw - 0.2rem) * 0.464), 1.13rem);font-style:normal;font-weight:400;line-height:1.4\">\n<div class=\"wp-block-columns is-layout-flex wp-container-core-columns-is-layout-2e7296b4 wp-block-columns-is-layout-flex\" style=\"margin-bottom:0px\">\n<div class=\"wp-block-column has-global-padding is-layout-constrained wp-container-core-column-is-layout-b4ec969c wp-block-column-is-layout-constrained\" style=\"padding-top:2.01rem\">\n<div class=\"wp-block-group has-global-padding is-layout-constrained wp-container-core-group-is-layout-dca71664 wp-block-group-is-layout-constrained\" style=\"min-height:100%\">\n<h3 class=\"wp-block-heading has-text-align-center has-text-color\" style=\"color:#010101;margin-top:0.5rem;margin-bottom:2.3rem;font-size:clamp(1.403rem, 1.403rem + ((1vw - 0.2rem) * 1.631), 2.3rem);font-style:normal;font-weight:500;letter-spacing:0px;line-height:1.3\">Documentaire et Magazine<\/h3>\n\n\n\n<p class=\"has-text-align-left has-text-color\" style=\"color:#010101;margin-top:0rem;font-size:clamp(0.875rem, 0.875rem + ((1vw - 0.2rem) * 0.591), 1.2rem);font-style:normal;font-weight:400;line-height:1.5\">Prestation en tant que&nbsp;<strong>chef op\u00e9rateur<\/strong>&nbsp;pour la r\u00e9alisation de s\u00e9quences ou de sujets complets. <strong>Expertise technique et artistique<\/strong>&nbsp;sur le cadre, la lumi\u00e8re et le mouvement. Chaque plan est pens\u00e9 pour&nbsp;<strong>renforcer la narration<\/strong>, avec une <strong>approche sensible et esth\u00e9tique<\/strong> qui met en valeur les histoires et les personnages. Tournage seul ou en \u00e9quipe. Images a\u00e9riennes avec pilote certifi\u00e9. <\/p>\n\n\n\n<div class=\"wp-block-group is-vertical is-content-justification-stretch is-layout-flex wp-container-core-group-is-layout-53ad70e0 wp-block-group-is-layout-flex\" style=\"margin-top:1.61rem;padding-right:0px;padding-left:0px\">\n<div class=\"wp-block-group has-global-padding is-content-justification-center is-layout-constrained wp-container-core-group-is-layout-2f0bcb29 wp-block-group-is-layout-constrained\" style=\"margin-top:0px\">\n<div class=\"wp-block-buttons is-horizontal is-content-justification-right is-layout-flex wp-container-core-buttons-is-layout-099266fd wp-block-buttons-is-layout-flex\" style=\"margin-top:0.51rem\">\n<div class=\"wp-block-button has-custom-width wp-block-button__width-100 is-style-fill\"><a class=\"wp-block-button__link has-text-color has-background has-custom-font-size wp-element-button\" href=\"https:\/\/linktr.ee\/JeronimoProd2\" style=\"border-style:none;border-width:0px;border-radius:0rem;color:#fffffd;background-color:#a1120a;padding-top:0.71rem;padding-right:0.31rem;padding-bottom:0.71rem;padding-left:0.31rem;font-size:clamp(0.875rem, 0.875rem + ((1vw - 0.2rem) * 0.245), 1.01rem);font-style:normal;font-weight:600;line-height:1.5;text-transform:uppercase\" target=\"_blank\" rel=\"noreferrer noopener\">exemples<\/a><\/div>\n<\/div>\n<\/div>\n<\/div>\n<\/div>\n<\/div>\n\n\n\n<div class=\"wp-block-column is-vertically-aligned-center is-layout-flow wp-block-column-is-layout-flow\" style=\"padding-right:1rem;padding-left:1rem;flex-basis:35%\">\n<figure class=\"wp-block-image aligncenter size-full is-resized has-custom-border is-style-default\"><img loading=\"lazy\" decoding=\"async\" width=\"1697\" height=\"2560\" src=\"https:\/\/jeronimoprod.com\/wp-content\/uploads\/2025\/09\/IMG_0510-2-scaled.jpg\" alt=\"\" class=\"wp-image-370\" style=\"border-radius:37px;width:301px;height:auto\" srcset=\"https:\/\/jeronimoprod.com\/wp-content\/uploads\/2025\/09\/IMG_0510-2-scaled.jpg 1697w, https:\/\/jeronimoprod.com\/wp-content\/uploads\/2025\/09\/IMG_0510-2-199x300.jpg 199w, https:\/\/jeronimoprod.com\/wp-content\/uploads\/2025\/09\/IMG_0510-2-679x1024.jpg 679w, https:\/\/jeronimoprod.com\/wp-content\/uploads\/2025\/09\/IMG_0510-2-768x1159.jpg 768w, https:\/\/jeronimoprod.com\/wp-content\/uploads\/2025\/09\/IMG_0510-2-1018x1536.jpg 1018w, https:\/\/jeronimoprod.com\/wp-content\/uploads\/2025\/09\/IMG_0510-2-1357x2048.jpg 1357w\" sizes=\"auto, (max-width: 1697px) 100vw, 1697px\" \/><\/figure>\n<\/div>\n<\/div>\n<\/section>\n\n\n\n<section class=\"wp-block-group alignfull has-background has-global-padding is-layout-constrained wp-container-core-group-is-layout-fbadfe72 wp-block-group-is-layout-constrained\" style=\"background:radial-gradient(rgb(255,158,89) 7%,rgb(161,18,10) 82%,rgb(161,18,10) 94%);margin-top:0px;padding-top:2.8rem;padding-right:var(--wp--preset--spacing--40);padding-bottom:4.5rem;padding-left:var(--wp--preset--spacing--40);font-size:clamp(0.875rem, 0.875rem + ((1vw - 0.2rem) * 0.464), 1.13rem);font-style:normal;font-weight:400;line-height:1.4\">\n<div class=\"wp-block-columns is-layout-flex wp-container-core-columns-is-layout-2e7296b4 wp-block-columns-is-layout-flex\" style=\"margin-bottom:0px\">\n<div class=\"wp-block-column is-vertically-aligned-center is-layout-flow wp-block-column-is-layout-flow\" style=\"padding-right:1rem;padding-left:1rem;flex-basis:35%\">\n<figure class=\"wp-block-image aligncenter size-full has-custom-border is-style-default\"><img loading=\"lazy\" decoding=\"async\" width=\"1929\" height=\"2158\" src=\"https:\/\/jeronimoprod.com\/wp-content\/uploads\/2025\/09\/nuit-chateau-6.jpg\" alt=\"\" class=\"wp-image-354\" style=\"border-radius:37px\" srcset=\"https:\/\/jeronimoprod.com\/wp-content\/uploads\/2025\/09\/nuit-chateau-6.jpg 1929w, https:\/\/jeronimoprod.com\/wp-content\/uploads\/2025\/09\/nuit-chateau-6-268x300.jpg 268w, https:\/\/jeronimoprod.com\/wp-content\/uploads\/2025\/09\/nuit-chateau-6-915x1024.jpg 915w, https:\/\/jeronimoprod.com\/wp-content\/uploads\/2025\/09\/nuit-chateau-6-768x859.jpg 768w, https:\/\/jeronimoprod.com\/wp-content\/uploads\/2025\/09\/nuit-chateau-6-1373x1536.jpg 1373w, https:\/\/jeronimoprod.com\/wp-content\/uploads\/2025\/09\/nuit-chateau-6-1831x2048.jpg 1831w\" sizes=\"auto, (max-width: 1929px) 100vw, 1929px\" \/><\/figure>\n<\/div>\n\n\n\n<div class=\"wp-block-column has-global-padding is-layout-constrained wp-container-core-column-is-layout-b4ec969c wp-block-column-is-layout-constrained\" style=\"padding-top:2.01rem\">\n<div class=\"wp-block-group has-global-padding is-layout-constrained wp-container-core-group-is-layout-dca71664 wp-block-group-is-layout-constrained\" style=\"min-height:100%\">\n<h3 class=\"wp-block-heading has-text-align-center has-text-color\" style=\"color:#010101;margin-top:0.5rem;margin-bottom:2.3rem;font-size:clamp(1.403rem, 1.403rem + ((1vw - 0.2rem) * 1.631), 2.3rem);font-style:normal;font-weight:500;letter-spacing:0px;line-height:1.3\">Film de mariage<\/h3>\n\n\n\n<p class=\"has-text-color\" style=\"color:#010101;margin-top:0rem;font-size:clamp(0.875rem, 0.875rem + ((1vw - 0.2rem) * 0.591), 1.2rem);font-style:normal;font-weight:400;line-height:1.5\"><em>Jeronimo Prod <\/em>propose une <strong>approche&nbsp;documentaire<\/strong>&nbsp;pour les films de mariage, capturant la journ\u00e9e telle qu\u2019elle se vit, avec authenticit\u00e9 et sensibilit\u00e9. Chaque moment est observ\u00e9 et racont\u00e9, des instants spontan\u00e9s aux ambiances subtiles, pour cr\u00e9er une narration <strong>v\u00e9ritablement fid\u00e8le \u00e0 votre histoire<\/strong>.<br>Sublimez les lieux avec des images a\u00e9riennes d&rsquo;un pilote certifi\u00e9, de fa\u00e7on s\u00e9curis\u00e9e pour vos invit\u00e9s.<\/p>\n\n\n\n<p class=\"has-text-align-left has-text-color\" style=\"color:#010101;margin-top:0rem;font-size:clamp(0.875rem, 0.875rem + ((1vw - 0.2rem) * 0.591), 1.2rem);font-style:normal;font-weight:400;line-height:1.5\">Le montage est pens\u00e9 comme une&nbsp;<strong>relecture \u00e9motionnelle<\/strong>&nbsp;de votre journ\u00e9e, privil\u00e9giant la sinc\u00e9rit\u00e9 et les d\u00e9tails qui vous ont fait vibrer. L\u2019objectif est de produire un film&nbsp;<strong>unique, vivant et profond\u00e9ment humain<\/strong>, bien au-del\u00e0 de la simple esth\u00e9tique.<\/p>\n\n\n\n<div class=\"wp-block-group is-vertical is-content-justification-stretch is-layout-flex wp-container-core-group-is-layout-53ad70e0 wp-block-group-is-layout-flex\" style=\"margin-top:1.61rem;padding-right:0px;padding-left:0px\">\n<div class=\"wp-block-group has-global-padding is-content-justification-center is-layout-constrained wp-container-core-group-is-layout-2f0bcb29 wp-block-group-is-layout-constrained\" style=\"margin-top:0px\">\n<div class=\"wp-block-buttons is-horizontal is-content-justification-right is-layout-flex wp-container-core-buttons-is-layout-099266fd wp-block-buttons-is-layout-flex\" style=\"margin-top:0.51rem\">\n<div class=\"wp-block-button has-custom-width wp-block-button__width-100 is-style-fill\"><a class=\"wp-block-button__link has-text-color has-background has-custom-font-size wp-element-button\" href=\"https:\/\/www.youtube.com\/watch?v=oqjpBABATZg\" style=\"border-style:none;border-width:0px;border-radius:0rem;color:#fffffd;background-color:#a1120a;padding-top:0.71rem;padding-right:0.31rem;padding-bottom:0.71rem;padding-left:0.31rem;font-size:clamp(0.875rem, 0.875rem + ((1vw - 0.2rem) * 0.245), 1.01rem);font-style:normal;font-weight:600;line-height:1.5;text-transform:uppercase\" target=\"_blank\" rel=\"noreferrer noopener\">exemples<\/a><\/div>\n<\/div>\n<\/div>\n<\/div>\n<\/div>\n<\/div>\n<\/div>\n<\/section>\n","protected":false},"excerpt":{"rendered":"<p>Corporate et institutionnel Utilisez les codes du reportage pour transmettre vos messages de fa\u00e7on claire et naturelle. Jeronimo Prod cr\u00e9e des reportages audiovisuels sur mesure pour valoriser les entreprises, leurs \u00e9quipes et leur savoir-faire. \u00c0 travers le portrait de dirigeants et des interviews de collaborateurs, sublim\u00e9s par des beauty shots de vos locaux. Ajoutez une [&hellip;]<\/p>\n","protected":false},"author":1,"featured_media":0,"parent":0,"menu_order":0,"comment_status":"closed","ping_status":"closed","template":"","meta":{"footnotes":""},"class_list":["post-16","page","type-page","status-publish","hentry"],"_links":{"self":[{"href":"https:\/\/jeronimoprod.com\/index.php?rest_route=\/wp\/v2\/pages\/16","targetHints":{"allow":["GET"]}}],"collection":[{"href":"https:\/\/jeronimoprod.com\/index.php?rest_route=\/wp\/v2\/pages"}],"about":[{"href":"https:\/\/jeronimoprod.com\/index.php?rest_route=\/wp\/v2\/types\/page"}],"author":[{"embeddable":true,"href":"https:\/\/jeronimoprod.com\/index.php?rest_route=\/wp\/v2\/users\/1"}],"replies":[{"embeddable":true,"href":"https:\/\/jeronimoprod.com\/index.php?rest_route=%2Fwp%2Fv2%2Fcomments&post=16"}],"version-history":[{"count":39,"href":"https:\/\/jeronimoprod.com\/index.php?rest_route=\/wp\/v2\/pages\/16\/revisions"}],"predecessor-version":[{"id":388,"href":"https:\/\/jeronimoprod.com\/index.php?rest_route=\/wp\/v2\/pages\/16\/revisions\/388"}],"wp:attachment":[{"href":"https:\/\/jeronimoprod.com\/index.php?rest_route=%2Fwp%2Fv2%2Fmedia&parent=16"}],"curies":[{"name":"wp","href":"https:\/\/api.w.org\/{rel}","templated":true}]}}