{"id":235,"date":"2025-09-05T11:02:29","date_gmt":"2025-09-05T11:02:29","guid":{"rendered":"https:\/\/jeronimoprod.com\/?page_id=235"},"modified":"2025-09-05T12:19:18","modified_gmt":"2025-09-05T12:19:18","slug":"235-2","status":"publish","type":"page","link":"https:\/\/jeronimoprod.com\/?page_id=235","title":{"rendered":"Mentions l\u00e9gales"},"content":{"rendered":"\n<div class=\"wp-block-cover alignfull is-light\" style=\"margin-top:0;margin-bottom:0;padding-top:0;padding-right:0;padding-bottom:0;padding-left:0;min-height:1235px;aspect-ratio:unset;\"><img decoding=\"async\" class=\"wp-block-cover__image-background\" alt=\"\" src=\"blob:https:\/\/jeronimoprod.com\/6415064d-4d7f-4479-929c-cbcad5ab0156\" data-object-fit=\"cover\"\/><span aria-hidden=\"true\" class=\"wp-block-cover__background has-background-dim-0 has-background-dim\" style=\"background-color:#a1120a\"><\/span><div class=\"wp-block-cover__inner-container is-layout-flow wp-container-core-cover-is-layout-2c80a324 wp-block-cover-is-layout-flow\">\n<section class=\"wp-block-group alignfull has-background has-global-padding is-layout-constrained wp-container-core-group-is-layout-d8cff66d wp-block-group-is-layout-constrained\" style=\"background:radial-gradient(rgb(255,158,89) 0%,rgb(161,18,10) 91%,rgb(161,18,10) 100%);margin-top:0px;padding-top:0rem;padding-right:0;padding-bottom:0rem;padding-left:0;font-size:clamp(0.875rem, 0.875rem + ((1vw - 0.2rem) * 0.464), 1.13rem);font-style:normal;font-weight:400;line-height:1.4\">\n<div class=\"wp-block-columns has-background is-layout-flex wp-container-core-columns-is-layout-66385055 wp-block-columns-is-layout-flex\" style=\"background:radial-gradient(rgb(255,158,89) 0%,rgb(161,18,10) 92%,rgb(161,18,10) 100%);margin-bottom:0px;padding-top:var(--wp--preset--spacing--80);padding-right:0;padding-bottom:var(--wp--preset--spacing--80);padding-left:0\">\n<div class=\"wp-block-column has-global-padding is-layout-constrained wp-container-core-column-is-layout-b4ec969c wp-block-column-is-layout-constrained\" style=\"padding-top:2.01rem\">\n<div class=\"wp-block-group has-global-padding is-layout-constrained wp-container-core-group-is-layout-dca71664 wp-block-group-is-layout-constrained\" style=\"min-height:100%\">\n<h3 class=\"wp-block-heading has-text-align-center has-text-color\" style=\"color:#fffffd;margin-top:0.5rem;margin-bottom:0rem;font-size:clamp(1.556rem, 1.556rem + ((1vw - 0.2rem) * 1.916), 2.61rem);font-style:normal;font-weight:500;letter-spacing:0px;line-height:1.3\">Mentions l\u00e9gales<\/h3>\n\n\n\n<p><strong>\u00c9diteur du site<\/strong> : Alexandre Keirle<\/p>\n\n\n\n<p><strong>Statut :<\/strong>&nbsp;Entrepreneur individuel \u2013 Micro-entreprise<\/p>\n\n\n\n<p><strong>Nom commercial :<\/strong>&nbsp;Jeronimo Prod<\/p>\n\n\n\n<p><strong>Adresse du si\u00e8ge social :<\/strong>&nbsp;13 rue du g\u00e9n\u00e9ral de Gaulle<br>93360 Neuilly-Plaisance<\/p>\n\n\n\n<p><strong>T\u00e9l\u00e9phone :<\/strong>&nbsp;06 50 61 51 47<\/p>\n\n\n\n<p><strong>E-mail :<\/strong>&nbsp;contact@jeronimoprod.com<\/p>\n\n\n\n<p><strong>Num\u00e9ro SIREN :<\/strong>&nbsp;978925204<\/p>\n\n\n\n<p><strong>TVA :<\/strong>&nbsp;TVA non applicable, art. 293 B du CGI<br><\/p>\n\n\n\n<p><strong>H\u00e9bergeur du site :<\/strong> OVH SAS<br>2 rue Kellermann, 59100 Roubaix<br><\/p>\n\n\n\n<p><strong>Propri\u00e9t\u00e9 intellectuelle :<\/strong> L\u2019ensemble des contenus pr\u00e9sents sur le site&nbsp;<em>jeronimoprod.com<\/em>&nbsp;(textes, images, vid\u00e9os, graphismes, logo) est prot\u00e9g\u00e9 par le droit d\u2019auteur et demeure la propri\u00e9t\u00e9 exclusive de <em>Jeronimo Prod<\/em>, sauf mention contraire. Toute reproduction, diffusion, modification, totale ou partielle, sans autorisation pr\u00e9alable, est interdite.<br><\/p>\n\n\n\n<p><strong>Responsabilit\u00e9 :<\/strong> <em>Jeronimo Prod<\/em> s\u2019efforce d\u2019assurer l\u2019exactitude et la mise \u00e0 jour des informations diffus\u00e9es sur le site. Toutefois, des erreurs ou omissions peuvent survenir. L\u2019utilisateur reconna\u00eet utiliser ces informations sous sa responsabilit\u00e9 exclusive.<br><br><strong>Donn\u00e9es personnelles :<\/strong> Les informations collect\u00e9es via le formulaire de contact sont destin\u00e9es uniquement \u00e0 la communication avec Jeronimo Prod.<br>Elles ne sont en aucun cas transmises \u00e0 des tiers.<\/p>\n\n\n\n<p>Conform\u00e9ment au R\u00e8glement G\u00e9n\u00e9ral sur la Protection des Donn\u00e9es (RGPD), vous disposez d\u2019un droit d\u2019acc\u00e8s, de rectification et de suppression de vos donn\u00e9es.<br>Pour exercer ce droit, contactez : contact@jeronimoprod.com<br><\/p>\n\n\n\n<p><strong>Cookies :<\/strong> Le site&nbsp;<em>jeronimoprod.com<\/em><strong><em>&nbsp;<\/em><\/strong>peut utiliser des cookies pour am\u00e9liorer l\u2019exp\u00e9rience utilisateur et analyser la fr\u00e9quentation. Chaque utilisateur peut configurer son navigateur afin de refuser ou supprimer les cookies.<\/p>\n\n\n\n<div class=\"wp-block-group is-vertical is-content-justification-stretch is-layout-flex wp-container-core-group-is-layout-53ad70e0 wp-block-group-is-layout-flex\" style=\"margin-top:1.61rem;padding-right:0px;padding-left:0px\">\n<div class=\"wp-block-group has-global-padding is-content-justification-center is-layout-constrained wp-container-core-group-is-layout-2f0bcb29 wp-block-group-is-layout-constrained\" style=\"margin-top:0px\">\n<div class=\"wp-block-buttons is-horizontal is-content-justification-right is-layout-flex wp-container-core-buttons-is-layout-099266fd wp-block-buttons-is-layout-flex\" style=\"margin-top:0.51rem\">\n<div class=\"wp-block-button has-custom-width wp-block-button__width-100 is-style-fill\"><a class=\"wp-block-button__link has-text-color has-background has-custom-font-size wp-element-button\" href=\"https:\/\/jeronimoprod.com\/?page_id=18\" style=\"border-style:none;border-width:0px;border-radius:0rem;color:#ffffff;background-color:#a1120a;padding-top:0.71rem;padding-right:0.31rem;padding-bottom:0.71rem;padding-left:0.31rem;font-size:clamp(0.875rem, 0.875rem + ((1vw - 0.2rem) * 0.245), 1.01rem);font-style:normal;font-weight:600;line-height:1.5;text-transform:uppercase\"><strong>CONTACT<\/strong><\/a><\/div>\n<\/div>\n<\/div>\n<\/div>\n<\/div>\n<\/div>\n\n\n\n<div class=\"wp-block-column is-vertically-aligned-center is-layout-flow wp-block-column-is-layout-flow\" style=\"padding-right:1rem;padding-left:1rem;flex-basis:40%\">\n<figure class=\"wp-block-image aligncenter size-full is-resized\"><img loading=\"lazy\" decoding=\"async\" width=\"2000\" height=\"2057\" src=\"https:\/\/jeronimoprod.com\/wp-content\/uploads\/2025\/09\/LOGO-Jeronimo-Prod-PNG-4.png\" alt=\"\" class=\"wp-image-262\" style=\"width:165px;height:auto\" srcset=\"https:\/\/jeronimoprod.com\/wp-content\/uploads\/2025\/09\/LOGO-Jeronimo-Prod-PNG-4.png 2000w, https:\/\/jeronimoprod.com\/wp-content\/uploads\/2025\/09\/LOGO-Jeronimo-Prod-PNG-4-292x300.png 292w, https:\/\/jeronimoprod.com\/wp-content\/uploads\/2025\/09\/LOGO-Jeronimo-Prod-PNG-4-996x1024.png 996w, https:\/\/jeronimoprod.com\/wp-content\/uploads\/2025\/09\/LOGO-Jeronimo-Prod-PNG-4-768x790.png 768w, https:\/\/jeronimoprod.com\/wp-content\/uploads\/2025\/09\/LOGO-Jeronimo-Prod-PNG-4-1493x1536.png 1493w, https:\/\/jeronimoprod.com\/wp-content\/uploads\/2025\/09\/LOGO-Jeronimo-Prod-PNG-4-1991x2048.png 1991w\" sizes=\"auto, (max-width: 2000px) 100vw, 2000px\" \/><\/figure>\n<\/div>\n<\/div>\n<\/section>\n<\/div><\/div>\n","protected":false},"excerpt":{"rendered":"","protected":false},"author":1,"featured_media":0,"parent":0,"menu_order":0,"comment_status":"closed","ping_status":"closed","template":"","meta":{"footnotes":""},"class_list":["post-235","page","type-page","status-publish","hentry"],"_links":{"self":[{"href":"https:\/\/jeronimoprod.com\/index.php?rest_route=\/wp\/v2\/pages\/235","targetHints":{"allow":["GET"]}}],"collection":[{"href":"https:\/\/jeronimoprod.com\/index.php?rest_route=\/wp\/v2\/pages"}],"about":[{"href":"https:\/\/jeronimoprod.com\/index.php?rest_route=\/wp\/v2\/types\/page"}],"author":[{"embeddable":true,"href":"https:\/\/jeronimoprod.com\/index.php?rest_route=\/wp\/v2\/users\/1"}],"replies":[{"embeddable":true,"href":"https:\/\/jeronimoprod.com\/index.php?rest_route=%2Fwp%2Fv2%2Fcomments&post=235"}],"version-history":[{"count":29,"href":"https:\/\/jeronimoprod.com\/index.php?rest_route=\/wp\/v2\/pages\/235\/revisions"}],"predecessor-version":[{"id":307,"href":"https:\/\/jeronimoprod.com\/index.php?rest_route=\/wp\/v2\/pages\/235\/revisions\/307"}],"wp:attachment":[{"href":"https:\/\/jeronimoprod.com\/index.php?rest_route=%2Fwp%2Fv2%2Fmedia&parent=235"}],"curies":[{"name":"wp","href":"https:\/\/api.w.org\/{rel}","templated":true}]}}